{"id":75,"date":"2022-03-18T11:58:48","date_gmt":"2022-03-18T10:58:48","guid":{"rendered":"https:\/\/wp.gorkischule.de\/?page_id=75"},"modified":"2022-12-13T10:11:11","modified_gmt":"2022-12-13T09:11:11","slug":"schule","status":"publish","type":"page","link":"https:\/\/wp.gorkischule.de\/index1.php\/schule","title":{"rendered":"Schuleportrait"},"content":{"rendered":"\n<div class=\"wp-block-columns is-layout-flex wp-container-core-columns-is-layout-28f84493 wp-block-columns-is-layout-flex\">\n<div class=\"wp-block-column is-layout-flow wp-block-column-is-layout-flow\" style=\"flex-basis:33.34%\">\n<figure class=\"wp-block-image size-large\"><img decoding=\"async\" src=\"https:\/\/gorkischule.de\/bilder\/hof1.jpg\" alt=\"\"\/><\/figure>\n<\/div>\n\n\n\n<div class=\"wp-block-column is-layout-flow wp-block-column-is-layout-flow\" style=\"flex-basis:33.34%\">\n<p><\/p>\n\n\n\n<p class=\"has-text-align-center\">Grund- und Oberschule<br>&#8222;Maxim Gorki&#8220;<br>Pieskower Str. 31<br>15526 Bad Saarow<br>Tel.: 033631-45170<br>Fax.: 033631-45171<br><a href=\"mailto:info@gorkischule.de\">info@gorkischule.de<\/a><\/p>\n<\/div>\n\n\n\n<div class=\"wp-block-column is-layout-flow wp-block-column-is-layout-flow\" style=\"flex-basis:33.33%\">\n<figure class=\"wp-block-image size-large is-resized\"><img loading=\"lazy\" decoding=\"async\" src=\"https:\/\/gorkischule.de\/bilder\/hof2.jpg\" alt=\"\" width=\"325\" height=\"244\"\/><\/figure>\n<\/div>\n<\/div>\n\n\n\n<div class=\"wp-block-group is-layout-flow wp-block-group-is-layout-flow\">\n<div class=\"wp-block-columns is-layout-flex wp-container-core-columns-is-layout-28f84493 wp-block-columns-is-layout-flex\">\n<div class=\"wp-block-column is-vertically-aligned-top is-layout-flow wp-block-column-is-layout-flow\" style=\"flex-basis:100%\">\n<div class=\"wp-block-columns is-layout-flex wp-container-core-columns-is-layout-28f84493 wp-block-columns-is-layout-flex\">\n<div class=\"wp-block-column is-vertically-aligned-bottom is-layout-flow wp-block-column-is-layout-flow\" style=\"flex-basis:1024px\">\n<ul class=\"wp-block-list\">\n<li>Ein Schulstandort in landschaftlich reizvoller Gegend und ruhiger Umgebung.<\/li>\n\n\n\n<li>Der regionale Schulort mit vielf\u00e4ltigem kulturellen Angebot.<\/li>\n\n\n\n<li>Lesebetonte Grundschule &#8211;<br>Unser j\u00e4hrlicher Lesewettstreit im Scharwenka Kulturforum.<\/li>\n\n\n\n<li>Naturkunde im &#8222;M\u00e4rkischer Garten&#8220; &#8211; Unterricht im Wald.<\/li>\n\n\n\n<li>Pr\u00e4sentation von Sch\u00fclerarbeiten in der Kinderkunstgalerie.<\/li>\n\n\n\n<li>&#8222;Gesunde Schule&#8220; &#8211; Sch\u00fcler kochen f\u00fcr Sch\u00fcler \u2026 hm lecker.<\/li>\n\n\n\n<li>Praxislernen &#8211; Kompetenzen erkennen und den richtigen Beruf finden.<\/li>\n\n\n\n<li>Sozialen Lernen &#8211; Wir sind ein Team.<\/li>\n\n\n\n<li>Schulpartnerschaft mit Polen\/Koczala\u2026<br>Kennenlernfahrt der 7. Klassen<\/li>\n\n\n\n<li>Geschichtsprojekt &#8211; Polen ist mehr als ein Nachbar.<\/li>\n\n\n\n<li>Pflege der Stolpersteine in Bad Saarow<\/li>\n\n\n\n<li>Kunst im Kurpark &#8211; &#8222;Aufbruch&#8220;, &#8222;Sofa mit Aussicht&#8220; \u2026<\/li>\n\n\n\n<li>in Arbeit: &#8222;Bauzaungalerie&#8220;<\/li>\n<\/ul>\n<\/div>\n<\/div>\n<\/div>\n<\/div>\n<\/div>\n\n\n\n<p><\/p>\n","protected":false},"excerpt":{"rendered":"<p>Grund- und Oberschule&#8222;Maxim Gorki&#8220;Pieskower Str. 3115526 Bad SaarowTel.: 033631-45170Fax.: 033631-45171info@gorkischule.de<\/p>\n","protected":false},"author":1,"featured_media":0,"parent":0,"menu_order":0,"comment_status":"closed","ping_status":"closed","template":"","meta":{"_EventAllDay":false,"_EventTimezone":"","_EventStartDate":"","_EventEndDate":"","_EventStartDateUTC":"","_EventEndDateUTC":"","_EventShowMap":false,"_EventShowMapLink":false,"_EventURL":"","_EventCost":"","_EventCostDescription":"","_EventCurrencySymbol":"","_EventCurrencyCode":"","_EventCurrencyPosition":"","_EventDateTimeSeparator":"","_EventTimeRangeSeparator":"","_EventOrganizerID":[],"_EventVenueID":[],"_OrganizerEmail":"","_OrganizerPhone":"","_OrganizerWebsite":"","_VenueAddress":"","_VenueCity":"","_VenueCountry":"","_VenueProvince":"","_VenueState":"","_VenueZip":"","_VenuePhone":"","_VenueURL":"","_VenueStateProvince":"","_VenueLat":"","_VenueLng":"","_VenueShowMap":false,"_VenueShowMapLink":false,"footnotes":""},"class_list":["post-75","page","type-page","status-publish","hentry"],"_links":{"self":[{"href":"https:\/\/wp.gorkischule.de\/index1.php\/wp-json\/wp\/v2\/pages\/75","targetHints":{"allow":["GET"]}}],"collection":[{"href":"https:\/\/wp.gorkischule.de\/index1.php\/wp-json\/wp\/v2\/pages"}],"about":[{"href":"https:\/\/wp.gorkischule.de\/index1.php\/wp-json\/wp\/v2\/types\/page"}],"author":[{"embeddable":true,"href":"https:\/\/wp.gorkischule.de\/index1.php\/wp-json\/wp\/v2\/users\/1"}],"replies":[{"embeddable":true,"href":"https:\/\/wp.gorkischule.de\/index1.php\/wp-json\/wp\/v2\/comments?post=75"}],"version-history":[{"count":3,"href":"https:\/\/wp.gorkischule.de\/index1.php\/wp-json\/wp\/v2\/pages\/75\/revisions"}],"predecessor-version":[{"id":327,"href":"https:\/\/wp.gorkischule.de\/index1.php\/wp-json\/wp\/v2\/pages\/75\/revisions\/327"}],"wp:attachment":[{"href":"https:\/\/wp.gorkischule.de\/index1.php\/wp-json\/wp\/v2\/media?parent=75"}],"curies":[{"name":"wp","href":"https:\/\/api.w.org\/{rel}","templated":true}]}}