{"id":337,"date":"2022-12-13T10:35:28","date_gmt":"2022-12-13T09:35:28","guid":{"rendered":"https:\/\/wp.gorkischule.de\/?page_id=337"},"modified":"2022-12-13T10:35:28","modified_gmt":"2022-12-13T09:35:28","slug":"sozialarbeit","status":"publish","type":"page","link":"https:\/\/wp.gorkischule.de\/index1.php\/sozialarbeit","title":{"rendered":"Sozialarbeit"},"content":{"rendered":"\n<div class=\"wp-block-columns is-layout-flex wp-container-core-columns-is-layout-28f84493 wp-block-columns-is-layout-flex\">\n<div class=\"wp-block-column is-layout-flow wp-block-column-is-layout-flow\" style=\"flex-basis:33.33%\">\n<figure class=\"wp-block-image aligncenter size-large is-resized\"><img loading=\"lazy\" decoding=\"async\" src=\"https:\/\/www.gorkischule.de\/schsoza\/bild3.jpg\" alt=\"\" width=\"146\" height=\"212\"\/><\/figure>\n<\/div>\n\n\n\n<div class=\"wp-block-column is-layout-flow wp-block-column-is-layout-flow\" style=\"flex-basis:66.66%\"><style>.wp-block-kadence-advancedheading.kt-adv-heading_9a55fa-57, .wp-block-kadence-advancedheading.kt-adv-heading_9a55fa-57[data-kb-block=\"kb-adv-heading_9a55fa-57\"]{font-style:normal;}.wp-block-kadence-advancedheading.kt-adv-heading_9a55fa-57 mark.kt-highlight, .wp-block-kadence-advancedheading.kt-adv-heading_9a55fa-57[data-kb-block=\"kb-adv-heading_9a55fa-57\"] mark.kt-highlight{font-style:normal;color:#f76a0c;-webkit-box-decoration-break:clone;box-decoration-break:clone;padding-top:0px;padding-right:0px;padding-bottom:0px;padding-left:0px;}.wp-block-kadence-advancedheading.kt-adv-heading_9a55fa-57 img.kb-inline-image, .wp-block-kadence-advancedheading.kt-adv-heading_9a55fa-57[data-kb-block=\"kb-adv-heading_9a55fa-57\"] img.kb-inline-image{width:150px;vertical-align:baseline;}<\/style>\n<h2 class=\"kt-adv-heading_9a55fa-57 wp-block-kadence-advancedheading\" data-kb-block=\"kb-adv-heading_9a55fa-57\">Schulsozialarbeit<br>an der Grund- und Oberschule<br>&#8222;Maxim Gorki&#8220; Bad Saarow<\/h2>\n<\/div>\n<\/div>\n\n\n\n<p class=\"has-text-align-center\">Endlich startet das neue Schuljahr und ich kann mit meiner Arbeit beginnen.<\/p>\n\n\n\n<p class=\"has-text-align-center\">Mein Name ist Susann Rohmann, ich bin Mitte 30, habe 2 wundervolle T\u00f6chter und einen liebenden Ehemann.<br>Wir haben gerade unser neues H\u00e4uschen auf dem Lande bezogen.<\/p>\n\n\n\n<p class=\"has-text-align-center\">Nun ist schon einige Zeit vergangen und ich konnte mich in den Schulalltag einleben<br>und auch \u00fcberall mal reinschnuppern.<br>Schulsozialarbeit ist f\u00fcr mich nicht nur ein Beruf &#8211; ich mache meinen Job mit Herzblut und viel Leidenschaft,<br>versuche jedem zu helfen, der nach Hilfe fragt.<br>Ich verstehe mich nicht als Lehrer oder erweiterten Arm der Schulleitung.<br>Ich m\u00f6chte viel mehr ein Teil der Sch\u00fclerschaft sein und gemeinsam mit Euch diesen Ort mit bunten,<br>lauten, ereignisreichen, spannenden, lehrreichen, lustigen, emotionalen und Euch interessierenden Themen und Projekten f\u00fcllen.<\/p>\n\n\n\n<p class=\"has-text-align-center\">Sollten Sie, liebe Eltern, Fragen oder Anregungen oder ein Problem haben, welches Sie belastet<br>oder man alleine evtl. nicht bew\u00e4ltigen kann &#8211; dann bin ich gerne f\u00fcr Sie da<br>und unterst\u00fctze Sie mit all meinem Fachwissen.<br>Damit Sie als Eltern und auch ihr als Sch\u00fcler mal seht was in der ersten Zeit meiner Anwesenheit alles<br>an Projekten gelaufen ist, versuche ich euch so zeitnah wie m\u00f6glich hier ein paar sch\u00f6ne und<br>inspirierende Eindr\u00fccke auf der Website zu hinterlassen.<\/p>\n\n\n\n<p class=\"has-text-align-center\">Kontakt<\/p>\n\n\n\n<p class=\"has-text-align-center\"><strong>B\u00fcro:<\/strong> 033631-45189<\/p>\n\n\n\n<p class=\"has-text-align-center\"><strong>Mobil:<\/strong> 0176-81399338<\/p>\n\n\n\n<p class=\"has-text-align-center\"><strong>E-Mail:<\/strong> schulsozialarbeit@amt-scharmuetzelsee.info<\/p>\n\n\n\n<hr class=\"wp-block-separator has-alpha-channel-opacity is-style-wide\"\/>\n\n\n\n<!--more-->\n","protected":false},"excerpt":{"rendered":"<p>Schulsozialarbeitan der Grund- und Oberschule&#8222;Maxim Gorki&#8220; Bad Saarow Endlich startet das neue Schuljahr und ich kann mit meiner Arbeit beginnen.<\/p>\n","protected":false},"author":1,"featured_media":0,"parent":0,"menu_order":0,"comment_status":"closed","ping_status":"closed","template":"","meta":{"_EventAllDay":false,"_EventTimezone":"","_EventStartDate":"","_EventEndDate":"","_EventStartDateUTC":"","_EventEndDateUTC":"","_EventShowMap":false,"_EventShowMapLink":false,"_EventURL":"","_EventCost":"","_EventCostDescription":"","_EventCurrencySymbol":"","_EventCurrencyCode":"","_EventCurrencyPosition":"","_EventDateTimeSeparator":"","_EventTimeRangeSeparator":"","_EventOrganizerID":[],"_EventVenueID":[],"_OrganizerEmail":"","_OrganizerPhone":"","_OrganizerWebsite":"","_VenueAddress":"","_VenueCity":"","_VenueCountry":"","_VenueProvince":"","_VenueState":"","_VenueZip":"","_VenuePhone":"","_VenueURL":"","_VenueStateProvince":"","_VenueLat":"","_VenueLng":"","_VenueShowMap":false,"_VenueShowMapLink":false,"footnotes":""},"class_list":["post-337","page","type-page","status-publish","hentry"],"_links":{"self":[{"href":"https:\/\/wp.gorkischule.de\/index1.php\/wp-json\/wp\/v2\/pages\/337","targetHints":{"allow":["GET"]}}],"collection":[{"href":"https:\/\/wp.gorkischule.de\/index1.php\/wp-json\/wp\/v2\/pages"}],"about":[{"href":"https:\/\/wp.gorkischule.de\/index1.php\/wp-json\/wp\/v2\/types\/page"}],"author":[{"embeddable":true,"href":"https:\/\/wp.gorkischule.de\/index1.php\/wp-json\/wp\/v2\/users\/1"}],"replies":[{"embeddable":true,"href":"https:\/\/wp.gorkischule.de\/index1.php\/wp-json\/wp\/v2\/comments?post=337"}],"version-history":[{"count":2,"href":"https:\/\/wp.gorkischule.de\/index1.php\/wp-json\/wp\/v2\/pages\/337\/revisions"}],"predecessor-version":[{"id":339,"href":"https:\/\/wp.gorkischule.de\/index1.php\/wp-json\/wp\/v2\/pages\/337\/revisions\/339"}],"wp:attachment":[{"href":"https:\/\/wp.gorkischule.de\/index1.php\/wp-json\/wp\/v2\/media?parent=337"}],"curies":[{"name":"wp","href":"https:\/\/api.w.org\/{rel}","templated":true}]}}